{"id":2190,"date":"2019-07-10T15:21:47","date_gmt":"2019-07-10T15:21:47","guid":{"rendered":"http:\/\/www.proinas.com\/producto\/lactisant\/"},"modified":"2022-04-07T21:31:15","modified_gmt":"2022-04-07T21:31:15","slug":"lactisant","status":"publish","type":"product","link":"https:\/\/www.proinas.com\/en\/product\/lactisant\/","title":{"rendered":"LACTISANT"},"content":{"rendered":"<p style=\"text-align: justify;\"><b>Desinfectante a Base \u00c1cido L\u00e1ctico\u00a0<\/b><\/p>\n<ul>\n<li style=\"text-align: justify;\">El \u00e1cido l\u00e1ctico es un \u00e1cido org\u00e1nico de origen\u00a0natural presente en el cuerpo humano y en\u00a0procesos de fermentaci\u00f3n de algunos alimentos.<\/li>\n<li style=\"text-align: justify;\">No altera las propiedades organol\u00e9pticas\u00a0de\u00a0los alimentos.<\/li>\n<li style=\"text-align: justify;\">Efectivo\u00a0en la desinfecci\u00f3n de superficies, equipos, herramientas y utensilios en\u00a0empresas de alimentos.<\/li>\n<\/ul>\n<p style=\"text-align: center;\"><a href=\"http:\/\/proinas.net\/wp-content\/uploads\/2019\/07\/LACTISANT_Ficha_Comercial.pdf\" target=\"_blank\" rel=\"noopener noreferrer\">FICHA COMERCIAL<\/a><\/p>\n<p style=\"text-align: center;\"><a href=\"http:\/\/www.proinas.com\/en\/contact-us\/\">FICHA T\u00c9CNICA<\/a><\/p>\n<p style=\"text-align: center;\"><a href=\"http:\/\/www.proinas.com\/en\/contact-us\/\">FICHA SEGURIDAD<\/a><\/p>","protected":false},"excerpt":{"rendered":"<p>Desinfectante a Base \u00c1cido L\u00e1ctico\u00a0 El \u00e1cido l\u00e1ctico es un \u00e1cido org\u00e1nico de origen\u00a0natural presente en el cuerpo humano y en\u00a0procesos de fermentaci\u00f3n de algunos alimentos. No altera las propiedades organol\u00e9pticas\u00a0de\u00a0los alimentos. Efectivo\u00a0en la desinfecci\u00f3n de superficies, equipos, herramientas y utensilios en\u00a0empresas de alimentos. FICHA COMERCIAL FICHA T\u00c9CNICA FICHA SEGURIDAD<\/p>","protected":false},"featured_media":3347,"template":"","meta":[],"product_brand":[],"product_cat":[16],"product_tag":[],"class_list":{"0":"post-2190","1":"product","2":"type-product","3":"status-publish","4":"has-post-thumbnail","6":"product_cat-biodesinfectantes-y-sanitizadores","8":"first","9":"instock","10":"taxable","11":"shipping-taxable","12":"product-type-simple"},"_links":{"self":[{"href":"https:\/\/www.proinas.com\/en\/wp-json\/wp\/v2\/product\/2190","targetHints":{"allow":["GET"]}}],"collection":[{"href":"https:\/\/www.proinas.com\/en\/wp-json\/wp\/v2\/product"}],"about":[{"href":"https:\/\/www.proinas.com\/en\/wp-json\/wp\/v2\/types\/product"}],"wp:featuredmedia":[{"embeddable":true,"href":"https:\/\/www.proinas.com\/en\/wp-json\/wp\/v2\/media\/3347"}],"wp:attachment":[{"href":"https:\/\/www.proinas.com\/en\/wp-json\/wp\/v2\/media?parent=2190"}],"wp:term":[{"taxonomy":"product_brand","embeddable":true,"href":"https:\/\/www.proinas.com\/en\/wp-json\/wp\/v2\/product_brand?post=2190"},{"taxonomy":"product_cat","embeddable":true,"href":"https:\/\/www.proinas.com\/en\/wp-json\/wp\/v2\/product_cat?post=2190"},{"taxonomy":"product_tag","embeddable":true,"href":"https:\/\/www.proinas.com\/en\/wp-json\/wp\/v2\/product_tag?post=2190"}],"curies":[{"name":"wp","href":"https:\/\/api.w.org\/{rel}","templated":true}]}}