{"id":2222,"date":"2019-07-10T16:51:26","date_gmt":"2019-07-10T16:51:26","guid":{"rendered":"http:\/\/www.proinas.com\/producto\/santicide-6\/"},"modified":"2023-11-15T19:55:21","modified_gmt":"2023-11-15T19:55:21","slug":"santicide-6","status":"publish","type":"product","link":"https:\/\/www.proinas.com\/en\/product\/santicide-6\/","title":{"rendered":"SANTICIDE 6%"},"content":{"rendered":"<p style=\"text-align: justify;\"><strong>Fungicida, Virucida y Bactericida \u00fatil en Empresas de Alimentos<\/strong><\/p>\n<ul>\n<li style=\"text-align: justify;\">Es un bactericida y fungicida a base de \u00e1cido perac\u00e9tico 6% y per\u00f3xido de hidr\u00f3geno, combinaci\u00f3n que reacciona con la prote\u00edna celular del microorganismo, y mediante un efecto de reacci\u00f3n sobre todos los componentes proteicos del mismo terminan por destruirlo.<\/li>\n<li style=\"text-align: justify;\">Es muy efectivo contra un gran espectro de microorganismos, tales como bacterias\u00a0aerobias y anaerobias, esporas bacterianas, levaduras, mohos y sus esporas, as\u00ed como tambi\u00e9n\u00a0algas y virus Por sus caracter\u00edsticas y beneficios.<\/li>\n<\/ul>\n<p style=\"text-align: center;\">","protected":false},"excerpt":{"rendered":"<p>Fungicida, Virucida y Bactericida \u00fatil en Empresas de Alimentos Es un bactericida y fungicida a base de \u00e1cido perac\u00e9tico 6% y per\u00f3xido de hidr\u00f3geno, combinaci\u00f3n que reacciona con la prote\u00edna celular del microorganismo, y mediante un efecto de reacci\u00f3n sobre todos los componentes proteicos del mismo terminan por destruirlo. Es muy efectivo contra un gran [&hellip;]<\/p>","protected":false},"featured_media":3347,"template":"","meta":[],"product_brand":[],"product_cat":[176,16],"product_tag":[],"class_list":{"0":"post-2222","1":"product","2":"type-product","3":"status-publish","4":"has-post-thumbnail","6":"product_cat-biodesinfectantes-alimentos","7":"product_cat-biodesinfectantes-y-sanitizadores","9":"first","10":"instock","11":"taxable","12":"shipping-taxable","13":"product-type-simple"},"_links":{"self":[{"href":"https:\/\/www.proinas.com\/en\/wp-json\/wp\/v2\/product\/2222","targetHints":{"allow":["GET"]}}],"collection":[{"href":"https:\/\/www.proinas.com\/en\/wp-json\/wp\/v2\/product"}],"about":[{"href":"https:\/\/www.proinas.com\/en\/wp-json\/wp\/v2\/types\/product"}],"wp:featuredmedia":[{"embeddable":true,"href":"https:\/\/www.proinas.com\/en\/wp-json\/wp\/v2\/media\/3347"}],"wp:attachment":[{"href":"https:\/\/www.proinas.com\/en\/wp-json\/wp\/v2\/media?parent=2222"}],"wp:term":[{"taxonomy":"product_brand","embeddable":true,"href":"https:\/\/www.proinas.com\/en\/wp-json\/wp\/v2\/product_brand?post=2222"},{"taxonomy":"product_cat","embeddable":true,"href":"https:\/\/www.proinas.com\/en\/wp-json\/wp\/v2\/product_cat?post=2222"},{"taxonomy":"product_tag","embeddable":true,"href":"https:\/\/www.proinas.com\/en\/wp-json\/wp\/v2\/product_tag?post=2222"}],"curies":[{"name":"wp","href":"https:\/\/api.w.org\/{rel}","templated":true}]}}