{"id":2244,"date":"2019-07-12T16:05:06","date_gmt":"2019-07-12T16:05:06","guid":{"rendered":"http:\/\/www.proinas.com\/producto\/boiler-polimero\/"},"modified":"2023-11-15T19:55:12","modified_gmt":"2023-11-15T19:55:12","slug":"boiler-polimero","status":"publish","type":"product","link":"https:\/\/www.proinas.com\/en\/product\/boiler-polimero\/","title":{"rendered":"BOILER POL\u00cdMERO"},"content":{"rendered":"<p style=\"text-align: justify;\"><strong>Tratamiento Preventivo para Aguas de Calderas a Base de Pol\u00edmeros<\/strong><\/p>\n<ul>\n<li style=\"text-align: justify;\">Tratamiento para aguas de calderas que controla la oxidaci\u00f3n, incrustaci\u00f3n y corrosi\u00f3n en estos sistemas a base de pol\u00edmeros.<\/li>\n<li style=\"text-align: justify;\">Controla la espumosidad y los residuos.<\/li>\n<li style=\"text-align: justify;\">Ayuda en la prevenci\u00f3n de formaciones ca\u00fasticas mediante el control de la alcalinidad.<\/li>\n<\/ul>\n<p style=\"text-align: center;\">","protected":false},"excerpt":{"rendered":"<p>Tratamiento Preventivo para Aguas de Calderas a Base de Pol\u00edmeros Tratamiento para aguas de calderas que controla la oxidaci\u00f3n, incrustaci\u00f3n y corrosi\u00f3n en estos sistemas a base de pol\u00edmeros. Controla la espumosidad y los residuos. Ayuda en la prevenci\u00f3n de formaciones ca\u00fasticas mediante el control de la alcalinidad.<\/p>","protected":false},"featured_media":3347,"template":"","meta":[],"product_brand":[],"product_cat":[177,156,30],"product_tag":[],"class_list":{"0":"post-2244","1":"product","2":"type-product","3":"status-publish","4":"has-post-thumbnail","6":"product_cat-biotratamientos-para-calderas-alimentos","7":"product_cat-biotratramiento-para-calderas-industrial","8":"product_cat-biotratamiento-para-calderas-y-sistemas-de-enfriamiento","10":"first","11":"instock","12":"taxable","13":"shipping-taxable","14":"product-type-simple"},"_links":{"self":[{"href":"https:\/\/www.proinas.com\/en\/wp-json\/wp\/v2\/product\/2244","targetHints":{"allow":["GET"]}}],"collection":[{"href":"https:\/\/www.proinas.com\/en\/wp-json\/wp\/v2\/product"}],"about":[{"href":"https:\/\/www.proinas.com\/en\/wp-json\/wp\/v2\/types\/product"}],"wp:featuredmedia":[{"embeddable":true,"href":"https:\/\/www.proinas.com\/en\/wp-json\/wp\/v2\/media\/3347"}],"wp:attachment":[{"href":"https:\/\/www.proinas.com\/en\/wp-json\/wp\/v2\/media?parent=2244"}],"wp:term":[{"taxonomy":"product_brand","embeddable":true,"href":"https:\/\/www.proinas.com\/en\/wp-json\/wp\/v2\/product_brand?post=2244"},{"taxonomy":"product_cat","embeddable":true,"href":"https:\/\/www.proinas.com\/en\/wp-json\/wp\/v2\/product_cat?post=2244"},{"taxonomy":"product_tag","embeddable":true,"href":"https:\/\/www.proinas.com\/en\/wp-json\/wp\/v2\/product_tag?post=2244"}],"curies":[{"name":"wp","href":"https:\/\/api.w.org\/{rel}","templated":true}]}}