{"id":2248,"date":"2019-07-12T16:13:02","date_gmt":"2019-07-12T16:13:02","guid":{"rendered":"http:\/\/www.proinas.com\/producto\/sant-ph-alka\/"},"modified":"2023-11-15T19:55:02","modified_gmt":"2023-11-15T19:55:02","slug":"sant-ph-alka","status":"publish","type":"product","link":"https:\/\/www.proinas.com\/en\/product\/sant-ph-alka\/","title":{"rendered":"SANT pH ALKA"},"content":{"rendered":"<p style=\"text-align: justify;\"><strong>Soluci\u00f3n Alcalina para Neutralizaci\u00f3n de Aguas Residuales \u00c1cidas<\/strong><\/p>\n<ul>\n<li>Neutraliza las aguas \u00e1cidas generadas despu\u00e9s del lavado de equipos como calderas, torres de enfriamiento, y dem\u00e1s.<\/li>\n<li>Completamente soluble en agua.<\/li>\n<li>Generaci\u00f3n nula de espuma.<\/li>\n<li>Es un producto alcalino libre de fosfatos.<\/li>\n<li>No da\u00f1a las l\u00edneas de conducci\u00f3n del agua residual.<\/li>\n<li>No genera vapores.<\/li>\n<li>No vol\u00e1til.<\/li>\n<\/ul>\n<p style=\"text-align: center;\">","protected":false},"excerpt":{"rendered":"<p>Soluci\u00f3n Alcalina para Neutralizaci\u00f3n de Aguas Residuales \u00c1cidas Neutraliza las aguas \u00e1cidas generadas despu\u00e9s del lavado de equipos como calderas, torres de enfriamiento, y dem\u00e1s. Completamente soluble en agua. Generaci\u00f3n nula de espuma. Es un producto alcalino libre de fosfatos. No da\u00f1a las l\u00edneas de conducci\u00f3n del agua residual. No genera vapores. No vol\u00e1til.<\/p>","protected":false},"featured_media":3347,"template":"","meta":[],"product_brand":[],"product_cat":[30],"product_tag":[],"class_list":{"0":"post-2248","1":"product","2":"type-product","3":"status-publish","4":"has-post-thumbnail","6":"product_cat-biotratamiento-para-calderas-y-sistemas-de-enfriamiento","8":"first","9":"instock","10":"taxable","11":"shipping-taxable","12":"product-type-simple"},"_links":{"self":[{"href":"https:\/\/www.proinas.com\/en\/wp-json\/wp\/v2\/product\/2248","targetHints":{"allow":["GET"]}}],"collection":[{"href":"https:\/\/www.proinas.com\/en\/wp-json\/wp\/v2\/product"}],"about":[{"href":"https:\/\/www.proinas.com\/en\/wp-json\/wp\/v2\/types\/product"}],"wp:featuredmedia":[{"embeddable":true,"href":"https:\/\/www.proinas.com\/en\/wp-json\/wp\/v2\/media\/3347"}],"wp:attachment":[{"href":"https:\/\/www.proinas.com\/en\/wp-json\/wp\/v2\/media?parent=2248"}],"wp:term":[{"taxonomy":"product_brand","embeddable":true,"href":"https:\/\/www.proinas.com\/en\/wp-json\/wp\/v2\/product_brand?post=2248"},{"taxonomy":"product_cat","embeddable":true,"href":"https:\/\/www.proinas.com\/en\/wp-json\/wp\/v2\/product_cat?post=2248"},{"taxonomy":"product_tag","embeddable":true,"href":"https:\/\/www.proinas.com\/en\/wp-json\/wp\/v2\/product_tag?post=2248"}],"curies":[{"name":"wp","href":"https:\/\/api.w.org\/{rel}","templated":true}]}}