{"id":2256,"date":"2019-07-12T16:31:59","date_gmt":"2019-07-12T16:31:59","guid":{"rendered":"http:\/\/www.proinas.com\/producto\/boiler-aqua-big\/"},"modified":"2023-11-15T19:54:58","modified_gmt":"2023-11-15T19:54:58","slug":"boiler-aqua-big","status":"publish","type":"product","link":"https:\/\/www.proinas.com\/en\/product\/boiler-aqua-big\/","title":{"rendered":"BOILER AQUA &#8211; BIG"},"content":{"rendered":"<p style=\"text-align: justify;\"><strong>Programa Preventivo para Tratamiento de Aguas de Calderas<\/strong><\/p>\n<ul>\n<li style=\"text-align: justify;\">Programa comprendido en 2 productos\u00a0complementarios (BIG\/AQUA).<\/li>\n<li style=\"text-align: justify;\">\u00datil en aguas de calderas de alta\u00a0capacidad (Mayor de 200 BHP)<\/li>\n<li style=\"text-align: justify;\">Productos l\u00edquidos y s\u00f3lidos de f\u00e1cil\u00a0diluci\u00f3n Revisar la dosificaci\u00f3n de cada\u00a0producto en la respectiva ficha t\u00e9cnica.<\/li>\n<li style=\"text-align: justify;\">Controlador de pH y Alcalinidades.<\/li>\n<\/ul>\n<p style=\"text-align: center;\">","protected":false},"excerpt":{"rendered":"<p>Programa Preventivo para Tratamiento de Aguas de Calderas Programa comprendido en 2 productos\u00a0complementarios (BIG\/AQUA). \u00datil en aguas de calderas de alta\u00a0capacidad (Mayor de 200 BHP) Productos l\u00edquidos y s\u00f3lidos de f\u00e1cil\u00a0diluci\u00f3n Revisar la dosificaci\u00f3n de cada\u00a0producto en la respectiva ficha t\u00e9cnica. Controlador de pH y Alcalinidades.<\/p>","protected":false},"featured_media":3347,"template":"","meta":[],"product_brand":[],"product_cat":[177,156,30],"product_tag":[],"class_list":{"0":"post-2256","1":"product","2":"type-product","3":"status-publish","4":"has-post-thumbnail","6":"product_cat-biotratamientos-para-calderas-alimentos","7":"product_cat-biotratramiento-para-calderas-industrial","8":"product_cat-biotratamiento-para-calderas-y-sistemas-de-enfriamiento","10":"first","11":"instock","12":"taxable","13":"shipping-taxable","14":"product-type-simple"},"_links":{"self":[{"href":"https:\/\/www.proinas.com\/en\/wp-json\/wp\/v2\/product\/2256","targetHints":{"allow":["GET"]}}],"collection":[{"href":"https:\/\/www.proinas.com\/en\/wp-json\/wp\/v2\/product"}],"about":[{"href":"https:\/\/www.proinas.com\/en\/wp-json\/wp\/v2\/types\/product"}],"wp:featuredmedia":[{"embeddable":true,"href":"https:\/\/www.proinas.com\/en\/wp-json\/wp\/v2\/media\/3347"}],"wp:attachment":[{"href":"https:\/\/www.proinas.com\/en\/wp-json\/wp\/v2\/media?parent=2256"}],"wp:term":[{"taxonomy":"product_brand","embeddable":true,"href":"https:\/\/www.proinas.com\/en\/wp-json\/wp\/v2\/product_brand?post=2256"},{"taxonomy":"product_cat","embeddable":true,"href":"https:\/\/www.proinas.com\/en\/wp-json\/wp\/v2\/product_cat?post=2256"},{"taxonomy":"product_tag","embeddable":true,"href":"https:\/\/www.proinas.com\/en\/wp-json\/wp\/v2\/product_tag?post=2256"}],"curies":[{"name":"wp","href":"https:\/\/api.w.org\/{rel}","templated":true}]}}