{"id":2276,"date":"2019-07-15T13:49:32","date_gmt":"2019-07-15T13:49:32","guid":{"rendered":"http:\/\/www.proinas.com\/producto\/tower-line\/"},"modified":"2023-11-15T19:51:11","modified_gmt":"2023-11-15T19:51:11","slug":"tower-line","status":"publish","type":"product","link":"https:\/\/www.proinas.com\/en\/product\/tower-line\/","title":{"rendered":"TOWER LINE"},"content":{"rendered":"<p style=\"text-align: justify;\"><strong>Tratamiento Dispersante y Desincrustante en Linea para Sistemas de Refrigeraci\u00f3n.<\/strong><\/p>\n<ul>\n<li style=\"text-align: justify;\">TOWER\u00a0LINE es una soluci\u00f3n acuosa de pol\u00edmeros inhibidores de incrustaci\u00f3n y controladores de\u00a0dep\u00f3sitos efectivo para el control de la incrustaci\u00f3n y corrosi\u00f3n en sistemas de enfriamiento o\u00a0refrigeraci\u00f3n.<\/li>\n<li style=\"text-align: justify;\">Reduce los niveles de carbonatos de calcio\u00a0presentes en el agua evitando la aparici\u00f3n\u00a0de incrustaciones mediante excelentes\u00a0secuestrantes de dureza.<\/li>\n<li style=\"text-align: justify;\">Elimina sedimentos e incrustaciones en la\u00a0operaci\u00f3n diaria del equipo.<\/li>\n<\/ul>\n<p style=\"text-align: center;\">","protected":false},"excerpt":{"rendered":"<p>Tratamiento Dispersante y Desincrustante en Linea para Sistemas de Refrigeraci\u00f3n. TOWER\u00a0LINE es una soluci\u00f3n acuosa de pol\u00edmeros inhibidores de incrustaci\u00f3n y controladores de\u00a0dep\u00f3sitos efectivo para el control de la incrustaci\u00f3n y corrosi\u00f3n en sistemas de enfriamiento o\u00a0refrigeraci\u00f3n. Reduce los niveles de carbonatos de calcio\u00a0presentes en el agua evitando la aparici\u00f3n\u00a0de incrustaciones mediante excelentes\u00a0secuestrantes de dureza. [&hellip;]<\/p>","protected":false},"featured_media":3347,"template":"","meta":[],"product_brand":[],"product_cat":[157,166,30],"product_tag":[],"class_list":{"0":"post-2276","1":"product","2":"type-product","3":"status-publish","4":"has-post-thumbnail","6":"product_cat-biotratamientos-para-equipos-de-enfriamiento-industrial","7":"product_cat-biotratamientos-para-equipos-de-enfriamiento-institucional","8":"product_cat-biotratamiento-para-calderas-y-sistemas-de-enfriamiento","10":"first","11":"instock","12":"taxable","13":"shipping-taxable","14":"product-type-simple"},"_links":{"self":[{"href":"https:\/\/www.proinas.com\/en\/wp-json\/wp\/v2\/product\/2276","targetHints":{"allow":["GET"]}}],"collection":[{"href":"https:\/\/www.proinas.com\/en\/wp-json\/wp\/v2\/product"}],"about":[{"href":"https:\/\/www.proinas.com\/en\/wp-json\/wp\/v2\/types\/product"}],"wp:featuredmedia":[{"embeddable":true,"href":"https:\/\/www.proinas.com\/en\/wp-json\/wp\/v2\/media\/3347"}],"wp:attachment":[{"href":"https:\/\/www.proinas.com\/en\/wp-json\/wp\/v2\/media?parent=2276"}],"wp:term":[{"taxonomy":"product_brand","embeddable":true,"href":"https:\/\/www.proinas.com\/en\/wp-json\/wp\/v2\/product_brand?post=2276"},{"taxonomy":"product_cat","embeddable":true,"href":"https:\/\/www.proinas.com\/en\/wp-json\/wp\/v2\/product_cat?post=2276"},{"taxonomy":"product_tag","embeddable":true,"href":"https:\/\/www.proinas.com\/en\/wp-json\/wp\/v2\/product_tag?post=2276"}],"curies":[{"name":"wp","href":"https:\/\/api.w.org\/{rel}","templated":true}]}}