{"id":2278,"date":"2019-07-15T13:57:11","date_gmt":"2019-07-15T13:57:11","guid":{"rendered":"http:\/\/www.proinas.com\/producto\/goma-sant\/"},"modified":"2023-11-15T19:51:02","modified_gmt":"2023-11-15T19:51:02","slug":"goma-sant","status":"publish","type":"product","link":"https:\/\/www.proinas.com\/en\/product\/goma-sant\/","title":{"rendered":"GOMA SANT"},"content":{"rendered":"<p style=\"text-align: justify;\"><strong>Mezcla Solvente Removedora de Chicle<\/strong><\/p>\n<ul>\n<li style=\"text-align: justify;\">De acci\u00f3n r\u00e1pida, econ\u00f3mico y f\u00e1cil de\u00a0usar.<\/li>\n<li style=\"text-align: justify;\">Aplicable en tela, alfombra, concreto,madera, etc.<\/li>\n<li style=\"text-align: justify;\">No t\u00f3xico.<\/li>\n<li style=\"text-align: justify;\">Puede usarse sobre pl\u00e1sticos o\u00a0acr\u00edlicos.<\/li>\n<li style=\"text-align: justify;\">Aplicaci\u00f3n Directa.<\/li>\n<li style=\"text-align: justify;\">Remueve cualquier tipo de material\u00a0adhesivo.<\/li>\n<\/ul>\n<p style=\"text-align: center;\">","protected":false},"excerpt":{"rendered":"<p>Mezcla Solvente Removedora de Chicle De acci\u00f3n r\u00e1pida, econ\u00f3mico y f\u00e1cil de\u00a0usar. Aplicable en tela, alfombra, concreto,madera, etc. No t\u00f3xico. Puede usarse sobre pl\u00e1sticos o\u00a0acr\u00edlicos. Aplicaci\u00f3n Directa. Remueve cualquier tipo de material\u00a0adhesivo.<\/p>","protected":false},"featured_media":3347,"template":"","meta":[],"product_brand":[],"product_cat":[31],"product_tag":[],"class_list":{"0":"post-2278","1":"product","2":"type-product","3":"status-publish","4":"has-post-thumbnail","6":"product_cat-biotratamiento-para-pisos","8":"first","9":"instock","10":"taxable","11":"shipping-taxable","12":"product-type-simple"},"_links":{"self":[{"href":"https:\/\/www.proinas.com\/en\/wp-json\/wp\/v2\/product\/2278","targetHints":{"allow":["GET"]}}],"collection":[{"href":"https:\/\/www.proinas.com\/en\/wp-json\/wp\/v2\/product"}],"about":[{"href":"https:\/\/www.proinas.com\/en\/wp-json\/wp\/v2\/types\/product"}],"wp:featuredmedia":[{"embeddable":true,"href":"https:\/\/www.proinas.com\/en\/wp-json\/wp\/v2\/media\/3347"}],"wp:attachment":[{"href":"https:\/\/www.proinas.com\/en\/wp-json\/wp\/v2\/media?parent=2278"}],"wp:term":[{"taxonomy":"product_brand","embeddable":true,"href":"https:\/\/www.proinas.com\/en\/wp-json\/wp\/v2\/product_brand?post=2278"},{"taxonomy":"product_cat","embeddable":true,"href":"https:\/\/www.proinas.com\/en\/wp-json\/wp\/v2\/product_cat?post=2278"},{"taxonomy":"product_tag","embeddable":true,"href":"https:\/\/www.proinas.com\/en\/wp-json\/wp\/v2\/product_tag?post=2278"}],"curies":[{"name":"wp","href":"https:\/\/api.w.org\/{rel}","templated":true}]}}